{"id":1016,"date":"2020-10-28T11:36:48","date_gmt":"2020-10-28T10:36:48","guid":{"rendered":"https:\/\/lockanalyst.org\/?page_id=1016"},"modified":"2020-10-30T11:36:47","modified_gmt":"2020-10-30T10:36:47","slug":"locksport-community","status":"publish","type":"page","link":"https:\/\/lockanalyst.org\/index.php\/locksport-community\/","title":{"rendered":"Ressources"},"content":{"rendered":"\n<div style=\"height:20px\" aria-hidden=\"true\" class=\"wp-block-spacer\"><\/div>\n\n\n\n<div class=\"wp-block-image\"><figure class=\"aligncenter size-full is-resized\"><img loading=\"lazy\" decoding=\"async\" src=\"https:\/\/lockanalyst.org\/wp-content\/uploads\/3.png\" alt=\"\" class=\"wp-image-1058\" width=\"816\" height=\"458\" srcset=\"https:\/\/lockanalyst.org\/wp-content\/uploads\/3.png 1272w, https:\/\/lockanalyst.org\/wp-content\/uploads\/3-300x168.png 300w, https:\/\/lockanalyst.org\/wp-content\/uploads\/3-1024x575.png 1024w, https:\/\/lockanalyst.org\/wp-content\/uploads\/3-150x84.png 150w, https:\/\/lockanalyst.org\/wp-content\/uploads\/3-768x431.png 768w, https:\/\/lockanalyst.org\/wp-content\/uploads\/3-1140x641.png 1140w, https:\/\/lockanalyst.org\/wp-content\/uploads\/3-540x304.png 540w\" sizes=\"(max-width: 816px) 100vw, 816px\" \/><\/figure><\/div>\n\n\n\n<div style=\"height:20px\" aria-hidden=\"true\" class=\"wp-block-spacer\"><\/div>\n\n\n\n<p>In this section, you could find informations about locks and locksport. For the beginner, you can consult a list of lockpicking tools manufacturers or suppliers. And soon, some templates will be avalaibable on this website to make your own picks !!<\/p>\n\n\n\n<hr class=\"wp-block-separator\"\/>\n\n\n\n<p><em><span style=\"color:#5e80a2\" class=\"has-inline-color\">Dans cette section, vous trouverez des informations sur les serrures et notre passion. Pour les d\u00e9butants, vous pouvez consulter une liste de fabricants ou de fournisseurs d&#8217;outils de crochetage. Prochainement, des mod\u00e8les seront bient\u00f4t disponibles sur ce site pour fabriquer vos propres crochets vous-m\u00eame !!<\/span><\/em><\/p>\n","protected":false},"excerpt":{"rendered":"<p>In this section, you could find informations about locks and locksport. For the beginner, you can consult a list of lockpicking tools manufacturers or suppliers. And soon, some templates will be avalaibable on this website to make your own picks !! Dans cette section, vous trouverez des informations sur les serrures et notre passion. Pour&hellip;<\/p>\n","protected":false},"author":1,"featured_media":0,"parent":0,"menu_order":0,"comment_status":"closed","ping_status":"closed","template":"","meta":{"footnotes":""},"class_list":["post-1016","page","type-page","status-publish","hentry"],"_links":{"self":[{"href":"https:\/\/lockanalyst.org\/index.php\/wp-json\/wp\/v2\/pages\/1016"}],"collection":[{"href":"https:\/\/lockanalyst.org\/index.php\/wp-json\/wp\/v2\/pages"}],"about":[{"href":"https:\/\/lockanalyst.org\/index.php\/wp-json\/wp\/v2\/types\/page"}],"author":[{"embeddable":true,"href":"https:\/\/lockanalyst.org\/index.php\/wp-json\/wp\/v2\/users\/1"}],"replies":[{"embeddable":true,"href":"https:\/\/lockanalyst.org\/index.php\/wp-json\/wp\/v2\/comments?post=1016"}],"version-history":[{"count":6,"href":"https:\/\/lockanalyst.org\/index.php\/wp-json\/wp\/v2\/pages\/1016\/revisions"}],"predecessor-version":[{"id":1059,"href":"https:\/\/lockanalyst.org\/index.php\/wp-json\/wp\/v2\/pages\/1016\/revisions\/1059"}],"wp:attachment":[{"href":"https:\/\/lockanalyst.org\/index.php\/wp-json\/wp\/v2\/media?parent=1016"}],"curies":[{"name":"wp","href":"https:\/\/api.w.org\/{rel}","templated":true}]}}