{"id":1023,"date":"2020-10-28T11:49:15","date_gmt":"2020-10-28T10:49:15","guid":{"rendered":"https:\/\/lockanalyst.org\/?page_id=1023"},"modified":"2020-12-12T12:32:02","modified_gmt":"2020-12-12T11:32:02","slug":"bibliography","status":"publish","type":"page","link":"https:\/\/lockanalyst.org\/index.php\/bibliography\/","title":{"rendered":"Bibliography"},"content":{"rendered":"\n<div style=\"height:20px\" aria-hidden=\"true\" class=\"wp-block-spacer\"><\/div>\n\n\n\n<h2 class=\"wp-block-heading\">Books &amp; Manuals<\/h2>\n\n\n\n<div style=\"height:20px\" aria-hidden=\"true\" class=\"wp-block-spacer\"><\/div>\n\n\n\n<p>[1] <em>&#8220;H<a href=\"https:\/\/books.google.com\/books?id=7m41LA8WsvUC&amp;pg=PA76\">i<\/a>gh-Security Mechanical Locks : An Encyclopedic Reference&#8221;, 2007, Graham W. Pulford, Butterworth-Heinemann.<\/em><\/p>\n\n\n\n<p>[2] &#8220;Locks, Safes and Security: An International Police Reference&#8221;, Charles C. Thomas, Springfield, IL, 2000.<\/p>\n\n\n\n<p>[3] &#8220;Early Locks and Lockmakers of America&#8221;, Thomas F. Hennessy, Nickerson &amp; Collins, Des Plaines, IL, 2nd edition, 1976.<\/p>\n\n\n\n<p>[4] &#8220;Master locksmith reference book&#8221; (Vol 1-2), William H. Hassel and Charles Courtney, The American Association of Master Locksmiths, New York, 1931.<\/p>\n\n\n\n<p>[5] &#8220;Locks and Lockmaking&#8221;, Francis J. Butter, Sir Isaac Pitman &amp; sons, 1926.<\/p>\n\n\n\n<p>[6] &#8220;An Encyclopaedia of Locks and Builders Hardware&#8221;, Josiah Parkes &amp; Sons, Willenhall, 1968.<\/p>\n\n\n\n<p>[7] &#8221; The Lure of Lock&#8221;, J.M. Mossman By Albert A. Hopkins, The General Society of Mechanics and Tradesmen, New York, 1928.<\/p>\n\n\n\n<p>[8] &#8220;On the development and distribution of primitive locks and keys&#8221;, Lieut-General. Pitt-Rivers, Chatto and Windus, Piccadilly, 1883<\/p>\n\n\n\n<p>[9] &#8220;Locks And Keys throughout the ages&#8221;, Vincent J.M. Eras, Dordrech, 1957.<\/p>\n\n\n\n<p>[10] &#8220;Sloten en sleutels&#8221;, Vincent J.M. Eras, Allert De Lange, Amsterdam, 1943.<\/p>\n\n\n\n<p>[11] &#8220;Safe Bind, Safe Find&#8221;, Garry Hogg, Phoenix House Ltd, London, 1961.<\/p>\n\n\n\n<p>[12] &#8220;La Serrure et ses d\u00e9r\u00e8glements&#8221;, Georges Bengu\u00e9, Pau, 1963.<\/p>\n\n\n\n<p>[13] &#8220;Rudimentary Treatise on the Construction of Locks&#8221;, Charles Tomlinson, John Weale, London, 1853.<\/p>\n\n\n\n<p>[14] &#8220;Rudimentary Treatise on the Construction of Locks of Door Locks for Commercial and Domestic Purposes&#8221;, Charles Tomlinson, John Weale, London, 1859.<\/p>\n\n\n\n<p>[15] &#8220;Locks and Safes : the Construction of Locks&#8221;, Charles Tomlinson and Robert Mallet, Virtue and Co, New York, 1868.<\/p>\n\n\n\n<div style=\"height:20px\" aria-hidden=\"true\" class=\"wp-block-spacer\"><\/div>\n\n\n\n<h2 class=\"wp-block-heading\">Catalogs, Prints &amp; Advertsements<\/h2>\n\n\n\n<p><\/p>\n\n\n\n<h2 class=\"wp-block-heading\">Magazines, Articles &amp; Press<\/h2>\n","protected":false},"excerpt":{"rendered":"<p>Books &amp; Manuals [1] &#8220;High-Security Mechanical Locks : An Encyclopedic Reference&#8221;, 2007, Graham W. Pulford, Butterworth-Heinemann. [2] &#8220;Locks, Safes and Security: An International Police Reference&#8221;, Charles C. Thomas, Springfield, IL, 2000. [3] &#8220;Early Locks and Lockmakers of America&#8221;, Thomas F. Hennessy, Nickerson &amp; Collins, Des Plaines, IL, 2nd edition, 1976. [4] &#8220;Master locksmith reference book&#8221;&hellip;<\/p>\n","protected":false},"author":1,"featured_media":0,"parent":0,"menu_order":0,"comment_status":"closed","ping_status":"closed","template":"","meta":{"footnotes":""},"class_list":["post-1023","page","type-page","status-publish","hentry"],"_links":{"self":[{"href":"https:\/\/lockanalyst.org\/index.php\/wp-json\/wp\/v2\/pages\/1023"}],"collection":[{"href":"https:\/\/lockanalyst.org\/index.php\/wp-json\/wp\/v2\/pages"}],"about":[{"href":"https:\/\/lockanalyst.org\/index.php\/wp-json\/wp\/v2\/types\/page"}],"author":[{"embeddable":true,"href":"https:\/\/lockanalyst.org\/index.php\/wp-json\/wp\/v2\/users\/1"}],"replies":[{"embeddable":true,"href":"https:\/\/lockanalyst.org\/index.php\/wp-json\/wp\/v2\/comments?post=1023"}],"version-history":[{"count":25,"href":"https:\/\/lockanalyst.org\/index.php\/wp-json\/wp\/v2\/pages\/1023\/revisions"}],"predecessor-version":[{"id":1182,"href":"https:\/\/lockanalyst.org\/index.php\/wp-json\/wp\/v2\/pages\/1023\/revisions\/1182"}],"wp:attachment":[{"href":"https:\/\/lockanalyst.org\/index.php\/wp-json\/wp\/v2\/media?parent=1023"}],"curies":[{"name":"wp","href":"https:\/\/api.w.org\/{rel}","templated":true}]}}