{"id":734,"date":"2020-09-26T10:30:06","date_gmt":"2020-09-26T08:30:06","guid":{"rendered":"https:\/\/lockanalyst.org\/?page_id=734"},"modified":"2021-06-22T10:35:20","modified_gmt":"2021-06-22T08:35:20","slug":"welcome-to-lockanalyst-org","status":"publish","type":"page","link":"https:\/\/lockanalyst.org\/","title":{"rendered":"Welcome to lockanalyst.org !"},"content":{"rendered":"\n<div style=\"height:20px\" aria-hidden=\"true\" class=\"wp-block-spacer\"><\/div>\n\n\n\n<div class=\"wp-block-image\"><figure class=\"aligncenter size-full is-resized\"><img loading=\"lazy\" decoding=\"async\" src=\"https:\/\/lockanalyst.org\/wp-content\/uploads\/MUL-T-LOCK-CLASSICPRO-1.gif\" alt=\"\" class=\"wp-image-1655\" width=\"1024\" height=\"575\"\/><\/figure><\/div>\n\n\n\n<div style=\"height:20px\" aria-hidden=\"true\" class=\"wp-block-spacer\"><\/div>\n\n\n\n<p>My name is Cocolitos, i am a french machinist, lockpicker and tool designer. In this blog, we talk about history of lock mechanism, NDE technique, evolution of lock manufacturing and more&#8230; If you have any questions or suggestions, you can mail me at : lockanalyst@gmail.com.<\/p>\n\n\n\n<hr class=\"wp-block-separator\"\/>\n\n\n\n<p class=\"has-text-align-left\"><em><span style=\"color:#5e80a2\" class=\"has-inline-color\">Je m&#8217;appelle Cocolitos, je suis un tourneur \/ fraiseur, crocheteur et concepteur d&#8217;outils fran\u00e7ais. Dans ce blog, nous allons \u00e9voquer l&#8217;histoire des m\u00e9canismes,  l&#8217;\u00e9volution de la fabrication des serrures, leurs techniques d&#8217;ouverture et pleins d&#8217;autres projets&#8230; Si vous avez des questions ou des remarques, vous pouvez me les envoyer par mail : lockanalyst@gmail.com.<\/span><\/em><\/p>\n","protected":false},"excerpt":{"rendered":"<p>My name is Cocolitos, i am a french machinist, lockpicker and tool designer. In this blog, we talk about history of lock mechanism, NDE technique, evolution of lock manufacturing and more&#8230; If you have any questions or suggestions, you can mail me at : lockanalyst@gmail.com. Je m&#8217;appelle Cocolitos, je suis un tourneur \/ fraiseur, crocheteur&hellip;<\/p>\n","protected":false},"author":1,"featured_media":0,"parent":0,"menu_order":0,"comment_status":"closed","ping_status":"closed","template":"","meta":{"footnotes":""},"class_list":["post-734","page","type-page","status-publish","hentry"],"_links":{"self":[{"href":"https:\/\/lockanalyst.org\/index.php\/wp-json\/wp\/v2\/pages\/734"}],"collection":[{"href":"https:\/\/lockanalyst.org\/index.php\/wp-json\/wp\/v2\/pages"}],"about":[{"href":"https:\/\/lockanalyst.org\/index.php\/wp-json\/wp\/v2\/types\/page"}],"author":[{"embeddable":true,"href":"https:\/\/lockanalyst.org\/index.php\/wp-json\/wp\/v2\/users\/1"}],"replies":[{"embeddable":true,"href":"https:\/\/lockanalyst.org\/index.php\/wp-json\/wp\/v2\/comments?post=734"}],"version-history":[{"count":23,"href":"https:\/\/lockanalyst.org\/index.php\/wp-json\/wp\/v2\/pages\/734\/revisions"}],"predecessor-version":[{"id":1657,"href":"https:\/\/lockanalyst.org\/index.php\/wp-json\/wp\/v2\/pages\/734\/revisions\/1657"}],"wp:attachment":[{"href":"https:\/\/lockanalyst.org\/index.php\/wp-json\/wp\/v2\/media?parent=734"}],"curies":[{"name":"wp","href":"https:\/\/api.w.org\/{rel}","templated":true}]}}