{"id":765,"date":"2020-09-26T17:06:00","date_gmt":"2020-09-26T15:06:00","guid":{"rendered":"https:\/\/lockanalyst.org\/?page_id=765"},"modified":"2020-10-03T12:41:58","modified_gmt":"2020-10-03T10:41:58","slug":"lock-mechanism","status":"publish","type":"page","link":"https:\/\/lockanalyst.org\/index.php\/lock-mechanism\/","title":{"rendered":"Lock Mechanism"},"content":{"rendered":"\n<div style=\"height:20px\" aria-hidden=\"true\" class=\"wp-block-spacer\"><\/div>\n\n\n\n<div class=\"wp-block-group\"><div class=\"wp-block-group__inner-container is-layout-flow wp-block-group-is-layout-flow\">\n<div class=\"wp-block-image\"><figure class=\"aligncenter size-full is-resized\"><img loading=\"lazy\" decoding=\"async\" src=\"https:\/\/lockanalyst.org\/wp-content\/uploads\/CHIFRAL-3.png\" alt=\"\" class=\"wp-image-809\" width=\"763\" height=\"428\" srcset=\"https:\/\/lockanalyst.org\/wp-content\/uploads\/CHIFRAL-3.png 1272w, https:\/\/lockanalyst.org\/wp-content\/uploads\/CHIFRAL-3-300x168.png 300w, https:\/\/lockanalyst.org\/wp-content\/uploads\/CHIFRAL-3-1024x575.png 1024w, https:\/\/lockanalyst.org\/wp-content\/uploads\/CHIFRAL-3-150x84.png 150w, https:\/\/lockanalyst.org\/wp-content\/uploads\/CHIFRAL-3-768x431.png 768w, https:\/\/lockanalyst.org\/wp-content\/uploads\/CHIFRAL-3-1140x641.png 1140w, https:\/\/lockanalyst.org\/wp-content\/uploads\/CHIFRAL-3-540x304.png 540w\" sizes=\"(max-width: 763px) 100vw, 763px\" \/><\/figure><\/div>\n\n\n\n<div class=\"wp-block-group is-layout-flow wp-block-group-is-layout-flow\"><div class=\"wp-block-group__inner-container\"><\/div><\/div>\n\n\n\n<div style=\"height:20px\" aria-hidden=\"true\" class=\"wp-block-spacer\"><\/div>\n<\/div><\/div>\n\n\n\n<p>In this section, we talk about locks mechanisms, their history and development. There are a multitude of genius mechanisms that deserve to be analyzed, but you will have to be patient because it is a lot of work !!<\/p>\n\n\n\n<hr class=\"wp-block-separator\"\/>\n\n\n\n<p><em><span style=\"color:#5e80a2\" class=\"has-inline-color\">Dans cette section, nous parlerons des diff\u00e9rents m\u00e9canismes de serrures, de leur histoire et leur d\u00e9veloppement. Il y a \u00e9norm\u00e9ment de m\u00e9canismes ing\u00e9nieux qui m\u00e9rite qu&#8217;on les analyse de mani\u00e8re approfondie, mais il faudra \u00eatre patient car c&#8217;est un travail titanesque!!!<\/span><\/em><\/p>\n","protected":false},"excerpt":{"rendered":"<p>In this section, we talk about locks mechanisms, their history and development. There are a multitude of genius mechanisms that deserve to be analyzed, but you will have to be patient because it is a lot of work !! Dans cette section, nous parlerons des diff\u00e9rents m\u00e9canismes de serrures, de leur histoire et leur d\u00e9veloppement.&hellip;<\/p>\n","protected":false},"author":1,"featured_media":0,"parent":0,"menu_order":0,"comment_status":"closed","ping_status":"closed","template":"","meta":{"footnotes":""},"class_list":["post-765","page","type-page","status-publish","hentry"],"_links":{"self":[{"href":"https:\/\/lockanalyst.org\/index.php\/wp-json\/wp\/v2\/pages\/765"}],"collection":[{"href":"https:\/\/lockanalyst.org\/index.php\/wp-json\/wp\/v2\/pages"}],"about":[{"href":"https:\/\/lockanalyst.org\/index.php\/wp-json\/wp\/v2\/types\/page"}],"author":[{"embeddable":true,"href":"https:\/\/lockanalyst.org\/index.php\/wp-json\/wp\/v2\/users\/1"}],"replies":[{"embeddable":true,"href":"https:\/\/lockanalyst.org\/index.php\/wp-json\/wp\/v2\/comments?post=765"}],"version-history":[{"count":9,"href":"https:\/\/lockanalyst.org\/index.php\/wp-json\/wp\/v2\/pages\/765\/revisions"}],"predecessor-version":[{"id":826,"href":"https:\/\/lockanalyst.org\/index.php\/wp-json\/wp\/v2\/pages\/765\/revisions\/826"}],"wp:attachment":[{"href":"https:\/\/lockanalyst.org\/index.php\/wp-json\/wp\/v2\/media?parent=765"}],"curies":[{"name":"wp","href":"https:\/\/api.w.org\/{rel}","templated":true}]}}