{"id":768,"date":"2020-09-26T17:16:50","date_gmt":"2020-09-26T15:16:50","guid":{"rendered":"https:\/\/lockanalyst.org\/?page_id=768"},"modified":"2020-10-03T12:53:38","modified_gmt":"2020-10-03T10:53:38","slug":"the-wafer-tumbler-design","status":"publish","type":"page","link":"https:\/\/lockanalyst.org\/index.php\/the-wafer-tumbler-design\/","title":{"rendered":"The Wafer-tumbler design"},"content":{"rendered":"\n<div style=\"height:20px\" aria-hidden=\"true\" class=\"wp-block-spacer\"><\/div>\n\n\n\n<div class=\"wp-block-image\"><figure class=\"alignleft is-resized\"><img loading=\"lazy\" decoding=\"async\" src=\"http:\/\/lockanalyst.org\/wp-content\/uploads\/2020\/08\/Serrure-aficaine-A-297x300.png\" alt=\"\" class=\"wp-image-117\" width=\"461\" height=\"465\" srcset=\"https:\/\/lockanalyst.org\/wp-content\/uploads\/2020\/08\/Serrure-aficaine-A-297x300.png 297w, https:\/\/lockanalyst.org\/wp-content\/uploads\/2020\/08\/Serrure-aficaine-A-1013x1024.png 1013w, https:\/\/lockanalyst.org\/wp-content\/uploads\/2020\/08\/Serrure-aficaine-A-150x150.png 150w, https:\/\/lockanalyst.org\/wp-content\/uploads\/2020\/08\/Serrure-aficaine-A-768x776.png 768w, https:\/\/lockanalyst.org\/wp-content\/uploads\/2020\/08\/Serrure-aficaine-A-1520x1536.png 1520w, https:\/\/lockanalyst.org\/wp-content\/uploads\/2020\/08\/Serrure-aficaine-A-2027x2048.png 2027w\" sizes=\"(max-width: 461px) 100vw, 461px\" \/><figcaption>African wooden lock<\/figcaption><\/figure><\/div>\n\n\n\n<p>The wafer tumbler design appears in 1868 with the invention of Philo S. Felter which is very inspired by wooden lock made in North Africa, Scotland or by Vikings in the 8th century AD. (<em>N\u00b0 76,066<\/em>)<\/p>\n\n\n\n<hr class=\"wp-block-separator\"\/>\n\n\n\n<p><em><span style=\"color:#5e80a2\" class=\"has-inline-color\">Les premiers syst\u00e8mes \u00e0 paillettes apparaissent en 1868 avec l&#8217;invention de Philo S. Felter qui s&#8217;inspira beaucoup des anciennes serrures de bois fabriqu\u00e9es en Afrique du Nord, en \u00c9cosse ou encore par les Vikings au 8\u00e8me si\u00e8cle apr\u00e8s J.C-. (N\u00b0 76,066)<\/span><\/em><\/p>\n\n\n\n<div style=\"height:20px\" aria-hidden=\"true\" class=\"wp-block-spacer\"><\/div>\n\n\n\n<div class=\"wp-block-image wp-image-130\"><figure class=\"aligncenter size-full is-resized\"><img loading=\"lazy\" decoding=\"async\" src=\"https:\/\/lockanalyst.org\/wp-content\/uploads\/2020\/08\/FELTER-PATENT.png\" alt=\"\" class=\"wp-image-130\" width=\"845\" height=\"670\" srcset=\"https:\/\/lockanalyst.org\/wp-content\/uploads\/2020\/08\/FELTER-PATENT.png 867w, https:\/\/lockanalyst.org\/wp-content\/uploads\/2020\/08\/FELTER-PATENT-300x238.png 300w, https:\/\/lockanalyst.org\/wp-content\/uploads\/2020\/08\/FELTER-PATENT-768x609.png 768w\" sizes=\"(max-width: 845px) 100vw, 845px\" \/><figcaption><em>N\u00b0 76,066<\/em><\/figcaption><\/figure><\/div>\n\n\n\n<div style=\"height:20px\" aria-hidden=\"true\" class=\"wp-block-spacer\"><\/div>\n\n\n\n<div class=\"wp-block-image wp-image-145\"><figure class=\"aligncenter\"><img loading=\"lazy\" decoding=\"async\" width=\"1272\" height=\"714\" src=\"http:\/\/lockanalyst.org\/wp-content\/uploads\/2020\/08\/FELTER.gif\" alt=\"\" class=\"wp-image-145\"\/><figcaption><em>Wafer sliding motion<\/em><\/figcaption><\/figure><\/div>\n\n\n\n<div style=\"height:20px\" aria-hidden=\"true\" class=\"wp-block-spacer\"><\/div>\n\n\n\n<p>Felter patents a lock used a cylindrical plug with a longitudinal groove. Wafers are made in copper flat sheet on which, in one side, an opening is made for the inserting of the key and, in the other side, two notches to block the plug. When no key is inserted, all wafers fall by gravity into a longitudinal groove made in the shell bore corresponding to the groove made in the plug. Wafers protude out of the plug and block its rotation.<\/p>\n\n\n\n<p>The design of the key made of sheet metal, recalls that of Linus Yale Jr patented 3 years early in 1865. A double-bitted key can operate tumblers with a double-ramp bitting allowing to slide all wafers until the key stops. When the correct key is inserted, all wafers fit the plug which is free to rotate. On the other hand, if a incorrect key is inserted, wafers protude and the plug is also blocked.<\/p>\n\n\n\n<hr class=\"wp-block-separator\"\/>\n\n\n\n<p><em><span style=\"color:#5e80a2\" class=\"has-inline-color\">Felter d\u00e9pose un brevet pour une serrure utilisant un rotor cylindrique avec une rainure longitudinale d\u00e9bouchante. Les paillettes sont fabriqu\u00e9es dans de fines plaquettes de cuivre qui, d&#8217;un c\u00f4t\u00e9, poss\u00e8dent une ouverture pour le passage de la clef et, de l&#8217;autre c\u00f4t\u00e9, deux encoches pour bloquer le rotor. Quand aucune clef n&#8217;est ins\u00e9r\u00e9e, toutes les paillettes tombent par gravit\u00e9 dans une rainure longitudinale pratiqu\u00e9e dans l&#8217;al\u00e9sage du stator. Les paillettes d\u00e9passent du rotor et bloquent sa rotation.<\/span><\/em><\/p>\n\n\n\n<p><em><span style=\"color:#5e80a2\" class=\"has-inline-color\">Le concept de la clef d\u00e9coup\u00e9e en fine t\u00f4le d\u2019acier rappelle celui de Linus Yale Jr brevet\u00e9 3 ans plus t\u00f4t en 1865. La clef \u00e0 double taillage permet de faire coulisser les paillettes jusqu&#8217;\u00e0 ce qu&#8217;elle soit ins\u00e9r\u00e9 jusqu&#8217;en but\u00e9e. Quand la bonne clef est ins\u00e9r\u00e9e, toutes les paillettes \u00e9pousent la circonf\u00e9rence du rotor qui est ainsi libre de tourner. Par contre, si la clef n&#8217;est pas la bonne, les paillettes sortent de leur logement et le rotor est \u00e0 nouveau bloqu\u00e9.<\/span><\/em><\/p>\n\n\n\n<div style=\"height:20px\" aria-hidden=\"true\" class=\"wp-block-spacer\"><\/div>\n\n\n\n<div class=\"wp-block-image wp-image-162\"><figure class=\"aligncenter size-full is-resized\"><img loading=\"lazy\" decoding=\"async\" src=\"https:\/\/lockanalyst.org\/wp-content\/uploads\/2020\/08\/SHEPARDSON-PATENT.png\" alt=\"\" class=\"wp-image-162\" width=\"955\" height=\"789\" srcset=\"https:\/\/lockanalyst.org\/wp-content\/uploads\/2020\/08\/SHEPARDSON-PATENT.png 1034w, https:\/\/lockanalyst.org\/wp-content\/uploads\/2020\/08\/SHEPARDSON-PATENT-300x248.png 300w, https:\/\/lockanalyst.org\/wp-content\/uploads\/2020\/08\/SHEPARDSON-PATENT-1024x847.png 1024w, https:\/\/lockanalyst.org\/wp-content\/uploads\/2020\/08\/SHEPARDSON-PATENT-768x635.png 768w\" sizes=\"(max-width: 955px) 100vw, 955px\" \/><figcaption><em>N\u00b099,013<\/em><\/figcaption><\/figure><\/div>\n\n\n\n<div style=\"height:20px\" aria-hidden=\"true\" class=\"wp-block-spacer\"><\/div>\n\n\n\n<div class=\"wp-block-image wp-image-254 size-full\"><figure class=\"aligncenter\"><img loading=\"lazy\" decoding=\"async\" width=\"1272\" height=\"714\" src=\"http:\/\/lockanalyst.org\/wp-content\/uploads\/TERMINOLOGY-WAFER-LOCK.png\" alt=\"\" class=\"wp-image-254\" srcset=\"https:\/\/lockanalyst.org\/wp-content\/uploads\/TERMINOLOGY-WAFER-LOCK.png 1272w, https:\/\/lockanalyst.org\/wp-content\/uploads\/TERMINOLOGY-WAFER-LOCK-300x168.png 300w, https:\/\/lockanalyst.org\/wp-content\/uploads\/TERMINOLOGY-WAFER-LOCK-1024x575.png 1024w, https:\/\/lockanalyst.org\/wp-content\/uploads\/TERMINOLOGY-WAFER-LOCK-768x431.png 768w, https:\/\/lockanalyst.org\/wp-content\/uploads\/TERMINOLOGY-WAFER-LOCK-1140x641.png 1140w, https:\/\/lockanalyst.org\/wp-content\/uploads\/TERMINOLOGY-WAFER-LOCK-540x304.png 540w\" sizes=\"(max-width: 1272px) 100vw, 1272px\" \/><figcaption><em>Terminology<\/em><\/figcaption><\/figure><\/div>\n\n\n\n<div style=\"height:20px\" aria-hidden=\"true\" class=\"wp-block-spacer\"><\/div>\n\n\n\n<p>In 1870, H. S. Shepardson improve the felter&#8217;s wafer design in his patent (<em>N\u00b0 99,013<\/em>). The wafer still made in sheet metal by stamping process but instead of having a side opening for the insertion of the key, a central rectangular cutout will have the same function. Each wafers are spring-loaded with a coil spring which eject the tumbler at the bottom of shell&#8217;s groove. The key, unlike of Felter&#8217;design, consist of a single-bitted key like a Yale key. The wafer is still used in this economic form today.<\/p>\n\n\n\n<hr class=\"wp-block-separator\"\/>\n\n\n\n<p><em><span style=\"color:#5e80a2\" class=\"has-inline-color\">En 1870, H. S. Shepardson am\u00e9liore le concept de Felter dans son brevet (N\u00b0 99,013). La paillette reste fabriqu\u00e9e dans de la t\u00f4le par poinconnage mais au lieu d&#8217;avoir une d\u00e9coupe lat\u00e9rale pour le passage de la clef, c&#8217;est une poche rectangulaire qui aura la m\u00eame fonction. Chaque paillette a son ressort de compression qui l&#8217;\u00e9jecte au fond la rainure pratiqu\u00e9e dans le stator. la clef, contrairement \u00e0 celle de Felter, est constitu\u00e9 d&#8217;une seul d\u00e9coupe similaire \u00e0 celle de Yale. De nos jour, la paillette demeure utilis\u00e9e sous cette forme \u00e9conomique.<\/span><\/em><\/p>\n\n\n\n<div style=\"height:20px\" aria-hidden=\"true\" class=\"wp-block-spacer\"><\/div>\n\n\n\n<div class=\"wp-block-image wp-image-242 size-full\"><figure class=\"aligncenter\"><img loading=\"lazy\" decoding=\"async\" width=\"1272\" height=\"714\" src=\"http:\/\/lockanalyst.org\/wp-content\/uploads\/2020\/08\/PAILLETTE-COUPE-3.gif\" alt=\"\" class=\"wp-image-242\"\/><figcaption><em>Modern wafer lock based on Shepardson&#8217;s design.<\/em><\/figcaption><\/figure><\/div>\n\n\n\n<div style=\"height:20px\" aria-hidden=\"true\" class=\"wp-block-spacer\"><\/div>\n\n\n\n<div class=\"wp-block-image wp-image-252 size-full\"><figure class=\"aligncenter\"><img loading=\"lazy\" decoding=\"async\" width=\"1272\" height=\"714\" src=\"http:\/\/lockanalyst.org\/wp-content\/uploads\/PAILLETTE-3D.gif\" alt=\"\" class=\"wp-image-252\"\/><figcaption><em>Modern wafer lock mechanism<\/em><\/figcaption><\/figure><\/div>\n","protected":false},"excerpt":{"rendered":"<p>The wafer tumbler design appears in 1868 with the invention of Philo S. Felter which is very inspired by wooden lock made in North Africa, Scotland or by Vikings in the 8th century AD. (N\u00b0 76,066) Les premiers syst\u00e8mes \u00e0 paillettes apparaissent en 1868 avec l&#8217;invention de Philo S. Felter qui s&#8217;inspira beaucoup des anciennes&hellip;<\/p>\n","protected":false},"author":1,"featured_media":0,"parent":0,"menu_order":0,"comment_status":"closed","ping_status":"closed","template":"","meta":{"footnotes":""},"class_list":["post-768","page","type-page","status-publish","hentry"],"_links":{"self":[{"href":"https:\/\/lockanalyst.org\/index.php\/wp-json\/wp\/v2\/pages\/768"}],"collection":[{"href":"https:\/\/lockanalyst.org\/index.php\/wp-json\/wp\/v2\/pages"}],"about":[{"href":"https:\/\/lockanalyst.org\/index.php\/wp-json\/wp\/v2\/types\/page"}],"author":[{"embeddable":true,"href":"https:\/\/lockanalyst.org\/index.php\/wp-json\/wp\/v2\/users\/1"}],"replies":[{"embeddable":true,"href":"https:\/\/lockanalyst.org\/index.php\/wp-json\/wp\/v2\/comments?post=768"}],"version-history":[{"count":14,"href":"https:\/\/lockanalyst.org\/index.php\/wp-json\/wp\/v2\/pages\/768\/revisions"}],"predecessor-version":[{"id":837,"href":"https:\/\/lockanalyst.org\/index.php\/wp-json\/wp\/v2\/pages\/768\/revisions\/837"}],"wp:attachment":[{"href":"https:\/\/lockanalyst.org\/index.php\/wp-json\/wp\/v2\/media?parent=768"}],"curies":[{"name":"wp","href":"https:\/\/api.w.org\/{rel}","templated":true}]}}