{"id":783,"date":"2020-09-26T18:43:23","date_gmt":"2020-09-26T16:43:23","guid":{"rendered":"https:\/\/lockanalyst.org\/?page_id=783"},"modified":"2020-10-25T13:08:14","modified_gmt":"2020-10-25T12:08:14","slug":"the-disc-tumbler-design","status":"publish","type":"page","link":"https:\/\/lockanalyst.org\/index.php\/the-disc-tumbler-design\/","title":{"rendered":"The Disc-tumbler design"},"content":{"rendered":"\n<div style=\"height:20px\" aria-hidden=\"true\" class=\"wp-block-spacer\"><\/div>\n\n\n\n<h2 class=\"has-text-align-left wp-block-heading\"><strong>Origin &amp; development<\/strong><\/h2>\n\n\n\n<div style=\"height:34px\" aria-hidden=\"true\" class=\"wp-block-spacer\"><\/div>\n\n\n\n<p>The origin of rotating disc tumbler is an very old concept. In 2nd century AD, romans already used combination padlocks made in bronze with  coding-wheels. In 1870, we found some vestiges in Kerameikos near Athens (2).<\/p>\n\n\n\n<hr class=\"wp-block-separator is-style-wide\"\/>\n\n\n\n<p class=\"has-text-align-left\"><em><span style=\"color:#5e80a2\" class=\"has-inline-color\">L&#8217;origine des s\u00fbret\u00e9s \u00e0 disque est un concept tr\u00e8s ancien. D\u00e8s le 2\u00e8me si\u00e8cle apr\u00e8s J.C-, les romains utilisaient d\u00e9j\u00e0 des cadenas \u00e0 combinaison en bronze munis de rouleaux cod\u00e9s. En 1870, on a retrouv\u00e9 quelques vestiges \u00e0 kerameikos pr\u00e8s d&#8217;Ath\u00e8nes (2).<\/span><\/em><\/p>\n\n\n\n<div style=\"height:20px\" aria-hidden=\"true\" class=\"wp-block-spacer\"><\/div>\n\n\n\n<div class=\"wp-block-image\"><figure class=\"aligncenter size-large is-resized\"><img loading=\"lazy\" decoding=\"async\" src=\"https:\/\/lockanalyst.org\/wp-content\/uploads\/Cadenas_romain-1024x686.jpg\" alt=\"\" class=\"wp-image-283\" width=\"1024\" height=\"686\" srcset=\"https:\/\/lockanalyst.org\/wp-content\/uploads\/Cadenas_romain-1024x686.jpg 1024w, https:\/\/lockanalyst.org\/wp-content\/uploads\/Cadenas_romain-300x201.jpg 300w, https:\/\/lockanalyst.org\/wp-content\/uploads\/Cadenas_romain-768x514.jpg 768w, https:\/\/lockanalyst.org\/wp-content\/uploads\/Cadenas_romain-1536x1028.jpg 1536w, https:\/\/lockanalyst.org\/wp-content\/uploads\/Cadenas_romain.jpg 1800w\" sizes=\"(max-width: 1024px) 100vw, 1024px\" \/><figcaption><em>Early roman&#8217;s combination padlock<\/em> (1)<\/figcaption><\/figure><\/div>\n\n\n\n<p>In 17th century, Kristofer P\u00e5lhammar (afterwards named Polhem) was an swedish mechanical engineer.Around 1684, in his workshop at Stjernsund (3), he improve the coding-wheel mechanism by moving them with a key. The Polhem&#8217;s lock have an advantage of holding the freeze well because his padlock is made in copper and have no springs. Like Joseph Bramah, he designed and manafactured lock machinery to produce his revolutionary padlock.<\/p>\n\n\n\n<hr class=\"wp-block-separator\"\/>\n\n\n\n<p><span style=\"color:#5e80a2\" class=\"has-inline-color\"><em>Au 17\u00e8me si\u00e8cle, Kristopfer P\u00e5lammar (plus tard dit Polhem) est un ing\u00e9nieur m\u00e9canicien su\u00e9dois. Vers 1684, <\/em>dans son atelier de Stjernsund (3), <em>il am\u00e9liore le m\u00e9canisme \u00e0 rouleaux cod\u00e9s en les actionnant par une clef. La serrure de Polhem a l&#8217; avantage de r\u00e9sister au g\u00e8le car son cadenas est fabriqu\u00e9 en cuivre et ne poss\u00e8de aucun ressort. Comme Joseph Bramah, il con\u00e7ut et fabriqua ces machines afin de faciliter l&#8217;industrialisation de son invention.<\/em><\/span><\/p>\n\n\n\n<div style=\"height:28px\" aria-hidden=\"true\" class=\"wp-block-spacer\"><\/div>\n\n\n\n<div class=\"wp-block-image\"><figure class=\"aligncenter size-full is-resized\"><img loading=\"lazy\" decoding=\"async\" src=\"https:\/\/lockanalyst.org\/wp-content\/uploads\/DSC_57252.png\" alt=\"\" class=\"wp-image-478\" width=\"912\" height=\"574\" srcset=\"https:\/\/lockanalyst.org\/wp-content\/uploads\/DSC_57252.png 4554w, https:\/\/lockanalyst.org\/wp-content\/uploads\/DSC_57252-300x189.png 300w, https:\/\/lockanalyst.org\/wp-content\/uploads\/DSC_57252-1024x645.png 1024w, https:\/\/lockanalyst.org\/wp-content\/uploads\/DSC_57252-768x483.png 768w, https:\/\/lockanalyst.org\/wp-content\/uploads\/DSC_57252-1536x967.png 1536w, https:\/\/lockanalyst.org\/wp-content\/uploads\/DSC_57252-2048x1289.png 2048w\" sizes=\"(max-width: 912px) 100vw, 912px\" \/><figcaption><em>Polhem&#8217;s padlock<\/em> (mid-19th century)<\/figcaption><\/figure><\/div>\n\n\n\n<div style=\"height:20px\" aria-hidden=\"true\" class=\"wp-block-spacer\"><\/div>\n\n\n\n<div class=\"wp-block-image\"><figure class=\"aligncenter size-full is-resized\"><img loading=\"lazy\" decoding=\"async\" src=\"https:\/\/lockanalyst.org\/wp-content\/uploads\/DSC_57272.png\" alt=\"\" class=\"wp-image-480\" width=\"1056\" height=\"699\" srcset=\"https:\/\/lockanalyst.org\/wp-content\/uploads\/DSC_57272.png 4885w, https:\/\/lockanalyst.org\/wp-content\/uploads\/DSC_57272-300x199.png 300w, https:\/\/lockanalyst.org\/wp-content\/uploads\/DSC_57272-1024x678.png 1024w, https:\/\/lockanalyst.org\/wp-content\/uploads\/DSC_57272-768x508.png 768w, https:\/\/lockanalyst.org\/wp-content\/uploads\/DSC_57272-1536x1017.png 1536w, https:\/\/lockanalyst.org\/wp-content\/uploads\/DSC_57272-2048x1355.png 2048w\" sizes=\"(max-width: 1056px) 100vw, 1056px\" \/><figcaption><em>With a key turn 90\u00b0 and shackle retracted<\/em><\/figcaption><\/figure><\/div>\n\n\n\n<div style=\"height:20px\" aria-hidden=\"true\" class=\"wp-block-spacer\"><\/div>\n\n\n\n<figure class=\"wp-block-image size-full is-resized\"><img loading=\"lazy\" decoding=\"async\" src=\"https:\/\/lockanalyst.org\/wp-content\/uploads\/POLHEMSLAS.gif\" alt=\"\" class=\"wp-image-322\" width=\"810\" height=\"454\"\/><figcaption><br><em>Polhem&#8217;s padlock mechanism<\/em><\/figcaption><\/figure>\n\n\n\n<div style=\"height:20px\" aria-hidden=\"true\" class=\"wp-block-spacer\"><\/div>\n\n\n\n<p class=\"has-text-align-left\">The principle is very simple and similar than the roman&#8217;s combination padlock design. A removable grooved skackle is blocked by disc-tumblers. All discs have two notches on their contour and diametrically opposed to each other. When the right key is inserted, the discs rotate 90\u00b0 and the skackle can be free to move.<\/p>\n\n\n\n<p>Each disc have a rectangular opening for the inserting of the key. between all disc, a fixed spacer prevents friction and the rotation of the key. At this time, the Polhem&#8217;s key has no angular bitting but we can observe some cuts to allow the passage of the spacers used like wards.<\/p>\n\n\n\n<hr class=\"wp-block-separator is-style-default\"\/>\n\n\n\n<p><em><span style=\"color:#5e80a2\" class=\"has-inline-color\">Le fonctionnement est tr\u00e8s simple et similaire \u00e0 celui des cadenas \u00e0 combinaison romains. L&#8217;anse poss\u00e8de de multiples rainures dans lesquelles viennent se loger les disques et bloque sa course. Les disques ont deux encoches sur leur contour diam\u00e9tralement oppos\u00e9es l&#8217;une de l&#8217;autre. Quand la bonne clef est ins\u00e9r\u00e9e, les disques tournent de 90\u00b0, les encoches sont align\u00e9es et l&#8217;anse peut se lib\u00e9rer.<\/span><\/em><\/p>\n\n\n\n<p><em><span style=\"color:#5e80a2\" class=\"has-inline-color\">Chaque disque poss\u00e8de une ouverture rectangulaire pour le passage de la clef. Entre chaque disque, une entretoise fixe r\u00e9duit la friction et fait obstacle \u00e0 la rotation de la clef. A cet \u00e9poque, la clef de Polhem ne poss\u00e8de aucune d\u00e9coupe angulaire mais nous pouvons observer que chaque d\u00e9coupe permet le passage des entretoise utilis\u00e9es ici comme des garnitures.<\/span><\/em><\/p>\n\n\n\n<div style=\"height:20px\" aria-hidden=\"true\" class=\"wp-block-spacer\"><\/div>\n\n\n\n<div class=\"wp-block-image\"><figure class=\"alignright size-large is-resized\"><img loading=\"lazy\" decoding=\"async\" src=\"https:\/\/lockanalyst.org\/wp-content\/uploads\/116977-MCWILLIAMS-4.png\" alt=\"\" class=\"wp-image-433\" width=\"377\" height=\"684\" srcset=\"https:\/\/lockanalyst.org\/wp-content\/uploads\/116977-MCWILLIAMS-4.png 447w, https:\/\/lockanalyst.org\/wp-content\/uploads\/116977-MCWILLIAMS-4-165x300.png 165w\" sizes=\"(max-width: 377px) 100vw, 377px\" \/><figcaption><em>N\u00b0116,977<\/em><\/figcaption><\/figure><\/div>\n\n\n\n<figure class=\"wp-block-image size-full is-resized\"><img loading=\"lazy\" decoding=\"async\" src=\"https:\/\/lockanalyst.org\/wp-content\/uploads\/FELTER-SIDEBAR-1875-1.png\" alt=\"\" class=\"wp-image-430\" width=\"316\" height=\"1052\"\/><figcaption><em>N\u00b0167,088<\/em><\/figcaption><\/figure>\n\n\n\n<div class=\"wp-block-image is-style-default\"><figure class=\"aligncenter size-full\"><img loading=\"lazy\" decoding=\"async\" width=\"732\" height=\"1039\" src=\"https:\/\/lockanalyst.org\/wp-content\/uploads\/1514318-HENRIKSSON.png\" alt=\"\" class=\"wp-image-392\" srcset=\"https:\/\/lockanalyst.org\/wp-content\/uploads\/1514318-HENRIKSSON.png 732w, https:\/\/lockanalyst.org\/wp-content\/uploads\/1514318-HENRIKSSON-211x300.png 211w, https:\/\/lockanalyst.org\/wp-content\/uploads\/1514318-HENRIKSSON-721x1024.png 721w\" sizes=\"(max-width: 732px) 100vw, 732px\" \/><figcaption><em>N\u00b01,514,318<\/em><\/figcaption><\/figure><\/div>\n\n\n\n<div style=\"height:20px\" aria-hidden=\"true\" class=\"wp-block-spacer\"><\/div>\n\n\n\n<p>From 1870 and 1880, scandinavian&#8217;s padlock became fashionable in US and will be used for various purposes, in particular to equip prison door. The manufacture of padlocks and its keys has been improved with the evolution of sheet-metal process and die-casting technique (N\u00b0116,977).<\/p>\n\n\n\n<p>In 1875, Philo S. Felter introduce the first sidebar&#8217;s design in a lock cylinder (N\u00b0167,088). But his invention didn&#8217;t meet a commercial success, outpassed by the popularity of the Yale lock. That&#8217;s why, we will have to wait until 1919 that Emil W. Henriksson imagined the basics of the modern disc-tumbler lock as we know it today. By a patent (N\u00b01,514,318), he fixes his design with a angled-cut key inspired by Mr Ahrend&#8217;s patent (N\u00b0156,113).<\/p>\n\n\n\n<hr class=\"wp-block-separator\"\/>\n\n\n\n<p><em><span style=\"color:#5e80a2\" class=\"has-inline-color\">De 1870 \u00e0 1880, le cadenas &#8220;scandinave&#8221; devient \u00e0 la mode aux Etats-Unis et sera utilis\u00e9 dans divers secteurs, en particulier le domaine p\u00e9nitentiaire. La fabrication du cadenas et de sa clef a \u00e9t\u00e9 am\u00e9lior\u00e9 gr\u00e2ce \u00e0 l&#8217;\u00e9volution des techniques de d\u00e9coupe des t\u00f4les et de la fonderie.<\/span><\/em><\/p>\n\n\n\n<p><span style=\"color:#5e80a2\" class=\"has-inline-color\"><em>En 1875, Philo S. Felter est le premier \u00e0 utiliser un syst\u00e8me de blocage \u00e0 barre lat\u00e9rale associ\u00e9 \u00e0 un rotor. Mais son invention ne connut aucun succ\u00e8s commercial, devanc\u00e9e par la popularit\u00e9 de la serrure Yale.<\/em> <em>Il faudra attendre 1919 que Emil W. Henriksson imagine les bases de la serrure \u00e0 disque telle qu&#8217;on la connait de nos jours. Par son brevet (N\u00b01,514,318), il impose le concept d&#8217;une clef avec un taillage angulaire inspir\u00e9 par le brevet de Mr Ahrend (N\u00b0156,113).<\/em><\/span><\/p>\n\n\n\n<div style=\"height:38px\" aria-hidden=\"true\" class=\"wp-block-spacer\"><\/div>\n\n\n\n<h2 class=\"has-text-align-left wp-block-heading\"><strong>Mechanism &amp; terminology<\/strong><\/h2>\n\n\n\n<div style=\"height:34px\" aria-hidden=\"true\" class=\"wp-block-spacer\"><\/div>\n\n\n\n<figure class=\"wp-block-image size-full is-style-default\"><img loading=\"lazy\" decoding=\"async\" width=\"1272\" height=\"714\" src=\"https:\/\/lockanalyst.org\/wp-content\/uploads\/DISQUE.gif\" alt=\"\" class=\"wp-image-411\"\/><figcaption><em>Disc-tumbler&#8217;s lock mechanism<\/em><\/figcaption><\/figure>\n\n\n\n<div style=\"height:20px\" aria-hidden=\"true\" class=\"wp-block-spacer\"><\/div>\n\n\n\n<p>When the correct key is turned 90\u00b0, all disc&#8217;s notches are aligned and the sidebar can drop in the groove (green). In the other hand, when an incorrect key is inserted, the sidebar bind against the contour of the disc and block the plug&#8217;s rotation. <\/p>\n\n\n\n<p> The key have an angular bitting allowing to rotate each disc to a determined angle. Six bitting angles are often possible to 0 (no cut) to 90\u00b0 in increment of 18\u00b0. <\/p>\n\n\n\n<hr class=\"wp-block-separator\"\/>\n\n\n\n<p><em><span style=\"color:#5e80a2\" class=\"has-inline-color\">Quand la bonne clef est tourn\u00e9e de 90\u00b0, toute les encoches des disques sont align\u00e9es et la barre lat\u00e9rale peut se glisser dans la rainure form\u00e9e par l&#8217;alignement des encoches (en vert ci-dessus). <em>A contrario, si la mauvaise clef est ins\u00e9r\u00e9e, la barre lat\u00e9rale bute contre le disque et bloque la rotation du rotor.<\/em><\/span><\/em><\/p>\n\n\n\n<p><em><span style=\"color:#5e80a2\" class=\"has-inline-color\">La clef poss\u00e8de des d\u00e9coupes angulaires permettant de tourner chaque disque d&#8217;un angle d\u00e9termin\u00e9. Six tailles angulaires sont souvent utilis\u00e9es de 0 (aucune d\u00e9coupe) \u00e0 90\u00b0 par incr\u00e9ment de 18\u00b0.<\/span><\/em><\/p>\n\n\n\n<div style=\"height:20px\" aria-hidden=\"true\" class=\"wp-block-spacer\"><\/div>\n\n\n\n<div class=\"wp-block-image is-style-default\"><figure class=\"aligncenter size-full\"><img loading=\"lazy\" decoding=\"async\" width=\"1272\" height=\"714\" src=\"https:\/\/lockanalyst.org\/wp-content\/uploads\/ZERO-DISC-FUNCTION.gif\" alt=\"\" class=\"wp-image-466\"\/><\/figure><\/div>\n\n\n\n<div style=\"height:20px\" aria-hidden=\"true\" class=\"wp-block-spacer\"><\/div>\n\n\n\n<div class=\"wp-block-image is-style-default\"><figure class=\"aligncenter size-full\"><img loading=\"lazy\" decoding=\"async\" width=\"1272\" height=\"714\" src=\"https:\/\/lockanalyst.org\/wp-content\/uploads\/SIDEBAR-BLOCKED.gif\" alt=\"\" class=\"wp-image-444\"\/><figcaption><em>Front view with the sidebar blocking<\/em> system<\/figcaption><\/figure><\/div>\n\n\n\n<p>When the key is turned in counter-clockwise, 0-discs are first in contact with 0-cuts. During the rotation, the key will drive the others discs. At 90\u00b0, the key tensioned the plug throught them. Its rotation move the sidebar which slides along the vee-groove made in the shell and falls into the aligned notches. When we turn in clockwise to lock the mechanism, 0-discs allow to reset the sidebar in the shell&#8217;s groove because the sidebar isn&#8217;t springloaded.<\/p>\n\n\n\n<hr class=\"wp-block-separator\"\/>\n\n\n\n<p><em><span style=\"color:#5e80a2\" class=\"has-inline-color\">Quand la clef est tourn\u00e9e dans le sens anti-horaire, les disques 0 sont les premiers en contact avec les tailles 0 de la clef. Au fur et \u00e0 mesure de la rotation, la clef entraine les autres disques. Une fois \u00e0 90\u00b0, la clef entraine le rotor par l&#8217;interm\u00e9diaire des disques 0. Le rotor agit sur la barre lat\u00e9rale qui glisse le long de la rainure en v\u00e9 et se loge dans les encoches align\u00e9es. Quand on tourne la clef dans le sens oppos\u00e9 pour verrouiller le m\u00e9canisme, les disques 0 permettent de repositionner la barre lat\u00e9rale dans la rainure du stator car elle n&#8217;a aucun ressort de rappel.<\/span><\/em><\/p>\n\n\n\n<div class=\"wp-block-group\"><div class=\"wp-block-group__inner-container is-layout-flow wp-block-group-is-layout-flow\">\n<div style=\"height:80px\" aria-hidden=\"true\" class=\"wp-block-spacer\"><\/div>\n<\/div><\/div>\n\n\n\n<hr class=\"wp-block-separator\"\/>\n\n\n\n<p><em>(1) Wikipedia source<\/em> : https:\/\/commons.wikimedia.org\/wiki\/File:Cadenas_romain.jpg<\/p>\n\n\n\n<p><em>(2) Hoepfner, W. : &#8220;Ein Kombinationsschloss aus dem Karameikos&#8221;, 1970, Arch\u00e4ologischer Anzeiger Tome 85 Volume 2 : p 210\u2013213<\/em>.<\/p>\n\n\n\n<p>(3) &#8220;L\u00e4sebok f\u00f6r folkskolan : Faksimilutg\u00e5va efter f\u00f6rsta upplagan&#8221;, Norstedts f\u00f6rlag, 1868 : p 348-350.<\/p>\n","protected":false},"excerpt":{"rendered":"<p>Origin &amp; development The origin of rotating disc tumbler is an very old concept. In 2nd century AD, romans already used combination padlocks made in bronze with coding-wheels. In 1870, we found some vestiges in Kerameikos near Athens (2). L&#8217;origine des s\u00fbret\u00e9s \u00e0 disque est un concept tr\u00e8s ancien. D\u00e8s le 2\u00e8me si\u00e8cle apr\u00e8s J.C-,&hellip;<\/p>\n","protected":false},"author":1,"featured_media":0,"parent":0,"menu_order":0,"comment_status":"closed","ping_status":"closed","template":"","meta":{"footnotes":""},"class_list":["post-783","page","type-page","status-publish","hentry"],"_links":{"self":[{"href":"https:\/\/lockanalyst.org\/index.php\/wp-json\/wp\/v2\/pages\/783"}],"collection":[{"href":"https:\/\/lockanalyst.org\/index.php\/wp-json\/wp\/v2\/pages"}],"about":[{"href":"https:\/\/lockanalyst.org\/index.php\/wp-json\/wp\/v2\/types\/page"}],"author":[{"embeddable":true,"href":"https:\/\/lockanalyst.org\/index.php\/wp-json\/wp\/v2\/users\/1"}],"replies":[{"embeddable":true,"href":"https:\/\/lockanalyst.org\/index.php\/wp-json\/wp\/v2\/comments?post=783"}],"version-history":[{"count":13,"href":"https:\/\/lockanalyst.org\/index.php\/wp-json\/wp\/v2\/pages\/783\/revisions"}],"predecessor-version":[{"id":1009,"href":"https:\/\/lockanalyst.org\/index.php\/wp-json\/wp\/v2\/pages\/783\/revisions\/1009"}],"wp:attachment":[{"href":"https:\/\/lockanalyst.org\/index.php\/wp-json\/wp\/v2\/media?parent=783"}],"curies":[{"name":"wp","href":"https:\/\/api.w.org\/{rel}","templated":true}]}}